{"id":165,"date":"2019-02-28T18:56:53","date_gmt":"2019-02-28T17:56:53","guid":{"rendered":"https:\/\/overdriven.fr\/overdriven\/?page_id=165"},"modified":"2026-01-05T16:09:32","modified_gmt":"2026-01-05T15:09:32","slug":"a-propos","status":"publish","type":"page","link":"https:\/\/overdriven.fr\/overdriven\/index.php\/fr\/a-propos\/","title":{"rendered":"A propos"},"content":{"rendered":"\n<p>Salut, je suis David : bienvenue sur mon blog ! On y traite de musique metal, d&rsquo;apprentissage de la guitare, de techniques d&rsquo;enregistrement et de mat\u00e9riel. J&rsquo;ai commenc\u00e9 \u00e0 apprendre la guitare il y a 4 ans, en autodidacte, pour le fun. Ce blog me permet de partager mes d\u00e9couvertes, trucs  -et bien s\u00fbr- mes erreurs.<\/p>\n\n\n\n<p>Bonne lecture !&nbsp;<\/p>\n\n\n\n<p>David<\/p>\n\n\n\n<h2 class=\"wp-block-heading\">Conditions G\u00e9n\u00e9rales d&rsquo;Utilisation<\/h2>\n\n\n\n<p>Vous naviguez sur le blog <a href=\"http:\/\/overdriven.fr\">overdriven.fr<\/a> accessible sur <a href=\"https:\/\/overdriven.fr\">https:\/\/overdriven.fr<\/a>. Son utilisation ainsi que celles des comptes associ\u00e9s (Twitter, Soundcloud, Youtube,\u2026) sont soumises aux dispositions et conditions \u00e9nonc\u00e9es ci-dessous. La navigation sur ce site et l\u2019utilisation des fichiers mis \u00e0 disposition vaut acception de ces conditions.<\/p>\n\n\n\n<h2 class=\"wp-block-heading\">Informations l\u00e9gales<\/h2>\n\n\n\n<p>Le blog <a href=\"http:\/\/overdriven.fr\">overdriven.fr<\/a> est \u00e9dit\u00e9 par David A., \u00e0 titre amateur. Le site est h\u00e9berg\u00e9 par OVH, 2 rue Kellermann &#8211; 59100 Roubaix &#8211; France.<\/p>\n\n\n\n<h2 class=\"wp-block-heading\">Responsabilit\u00e9s<\/h2>\n\n\n\n<p><a href=\"http:\/\/Overdriven.fr\">Overdriven.fr<\/a> met \u00e0 disposition des utilisateurs du contenu gratuit. Aucune garantie n\u2019est donn\u00e9e quant \u00e0 la pertinence ou \u00e0 l\u2019exactitude de ces informations. Il est de la responsabilit\u00e9 de l\u2019utilisateur de s\u2019assurer de la pertinence des contenus propos\u00e9s. Ainsi,&nbsp; le propri\u00e9taire ou les auteurs publiant des articles sur <a href=\"http:\/\/overdriven.fr\"><strong>overdriven.fr<\/strong><\/a>&nbsp;ne pourront \u00eatre tenus responsables de tous dommages directs ou indirects r\u00e9sultant de la consultation du blog et de l\u2019utilisation des informations qu\u2019il contient.<\/p>\n\n\n\n<p>Le blog peut renvoyer \u00e0 d\u2019autres pages web ou \u00e0 des contenus Twitter, Soundcloud et Youtube gr\u00e2ce \u00e0 des liens hypertextes.&nbsp;<a href=\"http:\/\/Overdriven.fr\"><strong>Overdriven.fr<\/strong><\/a>&nbsp;ne pourra \u00eatre tenu responsable du contenu diffus\u00e9 par ces pages web, celles-ci restant sous la responsabilit\u00e9 de leurs titulaires et auteurs.<\/p>\n\n\n\n<h2 class=\"wp-block-heading\">Copyright &#8211; Propri\u00e9t\u00e9 intellectuelle<\/h2>\n\n\n\n<p><a href=\"http:\/\/Overdriven.fr\">Overdriven.fr<\/a> est un site d\u00e9di\u00e9 \u00e0 la musique, \u00e0 l\u2019apprentissage de la guitare et \u00e0 l\u2019utilisation de mat\u00e9riels associ\u00e9s (amplis, p\u00e9dales, logiciels\u2026). Dans ce contexte, des extraits d\u2019oeuvres musicales peuvent \u00eatre pr\u00e9sent\u00e9s ou utilis\u00e9s, \u00e0 des fins d\u2019illustration ou d\u2019apprentissage (riffs, tablature, extrait musical, extraits video, piste de basse ou batterie, extrait pour critique\/revue d\u2019albums\u2026). Ces riffs, extraits ou oeuvres compl\u00e8tes demeurent la propri\u00e9t\u00e9 de leurs auteurs ou des d\u00e9tenteurs des droits d\u2019auteur.&nbsp;<\/p>\n\n\n\n<p>Nos propres cr\u00e9ations pr\u00e9sentes sur ce site (riffs, oeuvres partielles ou compl\u00e8tes) sont libres de droits \u00e0 l\u2019exception des r\u00e9ponses impulsionelles qui sont soumises aux conditions pr\u00e9sent\u00e9es ci-dessous et de nos articles de blogs (textes, photos, videos) qui sauf mention contraire rel\u00e8vent des l\u00e9gislations Fran\u00e7aises et internationales sur le droit d\u2019auteur et la propri\u00e9t\u00e9 intellectuelle.&nbsp;<\/p>\n\n\n\n<h2 class=\"wp-block-heading\">Utilisation des r\u00e9ponses impulsionelles<\/h2>\n\n\n\n<p><a href=\"http:\/\/Overdriven.fr\">Overdriven.fr<\/a> met \u00e0 disposition des r\u00e9ponses impulsionnelles gratuites. Ces fichiers sont prot\u00e9g\u00e9s par le droit d\u2019auteur, et demeurent la propri\u00e9t\u00e9 de <a href=\"http:\/\/overdriven.fr\">overdriven.fr<\/a> \/ David A. (mention copyright <a href=\"http:\/\/overdriven.fr\">overdriven.fr<\/a>) . Aucune garantie de bon fonctionnement n\u2019est offerte dans ce cadre. Les utilisateurs peuvent librement utiliser ces r\u00e9ponses impulsionnelles dans un cadre priv\u00e9 ou professionnel au sein de leurs cr\u00e9ations musicales. Il est express\u00e9ment interdit de mettre \u00e0 disposition ces fichiers par des copies propos\u00e9es sur d\u2019autres sites web ou via des syst\u00e8mes de partage, leur revente est \u00e9galement interdite. Il est \u00e9galement interdit aux \u00e9diteurs de logiciels et de p\u00e9dalier ou simulateurs hardware de distribuer ces fichiers sans l\u2019accord&nbsp;\u00e9crit du propri\u00e9taire du site overdriven.fr. <\/p>\n\n\n\n<p><a href=\"http:\/\/overdiven.fr\"><strong>overdriven.fr<\/strong><\/a>&nbsp;ne pourra \u00eatre tenu responsable de tous dommages directs ou indirects r\u00e9sultant de l\u2019utilisation de ces fichiers ou de l\u2019impossibilit\u00e9 de les utiliser.<\/p>\n\n\n\n<p>Les m\u00eames conditions d&rsquo;utilisation s&rsquo;appliquent \u00e0 : <\/p>\n\n\n\n<ul class=\"wp-block-list\">\n<li>Overdriven.fr\/David A. Mooer Tone Capture presets gratuits<\/li>\n\n\n\n<li>Overdriven.fr\/David A. MNRS Amp and Cab captures gratuits<\/li>\n<\/ul>\n\n\n\n<p>Il n&rsquo;est \u00e9galement <strong>pas<\/strong> autoris\u00e9e de distribuer ces IRs dans la cadre de la mise \u00e0 disposition de presets pour des tiers : merci dans ce cas d&rsquo;indiquer aux utilisateurs de vos presets la r\u00e9f\u00e9rence de l&rsquo;IR et de la collection afin qu&rsquo;ils puissent les t\u00e9l\u00e9charger depuis overdriven.fr<\/p>\n\n\n\n<h2 class=\"wp-block-heading\">Utilisation des profils Kemper (KPA)<\/h2>\n\n\n\n<p>Overdriven.fr met \u00e0 disposition des profils gratuits pour le syst\u00e8me Kemper KPA (Kemper Profiling Amp). Ces fichiers sont prot\u00e9g\u00e9s par le droit d\u2019auteur, et demeurent la propri\u00e9t\u00e9 de <a href=\"http:\/\/overdriven.fr\">overdriven.fr<\/a> \/ David A. (mention copyright <a href=\"http:\/\/overdriven.fr\">overdriven.fr<\/a>) . Aucune garantie de bon fonctionnement n\u2019est offerte dans ce cadre. Les utilisateurs peuvent librement utiliser ces profils dans un cadre priv\u00e9 ou professionnel au sein de leurs cr\u00e9ations musicales (audio, video,&#8230;). Il est express\u00e9ment interdit de mettre \u00e0 disposition ces fichiers par des copies propos\u00e9es sur d\u2019autres sites web ou via des syst\u00e8mes de partage, leur revente est \u00e9galement interdite. Les profils Kemper gratuits sont t\u00e9l\u00e9chargeables soit \u00e0 partir de overdriven.fr, soit \u00e0 partir du Kemper Rig Exchange. Les profils Kemper sponsoris\u00e9s via Patreon sont soumis aux m\u00eames conditions.<\/p>\n\n\n\n<h2 class=\"wp-block-heading\">Notice l\u00e9gale<\/h2>\n\n\n\n<p>Toutes les marques et tous les produits ou noms de soci\u00e9t\u00e9s mentionn\u00e9s sur ce site peuvent \u00eatre des marques d\u00e9pos\u00e9es, appartenant \u00e0 leurs propri\u00e9taires respectifs. Elles ne sont en aucun cas associ\u00e9es \u00e0 Overdriven.fr\/\u00e0 son propri\u00e9taire : leur mention n&rsquo;implique aucun sponsoring ou association d&rsquo;overdriven.fr\/le propri\u00e9taire d&rsquo;overdriven.fr avec ces marques.<\/p>\n\n\n\n<p>Les noms de produits, marques ou noms de soci\u00e9t\u00e9s sont uniquement r\u00e9f\u00e9renc\u00e9es sur overdriven.fr pour identifier le mat\u00e9riel utilis\u00e9 dans la capture de r\u00e9ponses impulsionnelles ou pour illustrer les sons de guitares ou d&rsquo;amplificateurs et de p\u00e9dales. L&rsquo;utilisation de ces noms n&rsquo;implique -en aucun cas- une coop\u00e9ration ou une approbation. L&rsquo;utilisation de ces noms est uniquement destin\u00e9e \u00e0 des fins de description ou de comparaison.<\/p>\n\n\n\n<p>Plus particuli\u00e8rement :<\/p>\n\n\n\n<p><strong>Veteran 30<\/strong>\u2122, <strong>Green Beret<\/strong>\u2122, <strong>Reaper<\/strong>\u2122, <strong>Retro 30<\/strong>\u2122, <strong>ET65<\/strong>\u2122 sont des marques commerciales de Warehouse Guitar Speakers LLC. Les r\u00e9f\u00e9rences \u00e0 WGS\u00ae \/&nbsp; Warehouse Guitar Speakers\u00ae ou \u00e0 ces marques et mod\u00e8les de haut-parleurs le sont \u00e0 titre d\u2019information uniquement.<\/p>\n\n\n\n<p><strong>Celestion\u2122, Greenback\u2122, Vintage 30\u2122, G12H-30\u2122, Classic Lead\u2122<\/strong> sont des marques commerciales de KH Technology Corporation. Les r\u00e9f\u00e9rences \u00e0 Celestion\u00ae ou \u00e0 ces marques et mod\u00e8les de haut-parleurs le sont \u00e0 titre d\u2019information uniquement.<\/p>\n\n\n\n<p>Les r\u00e9f\u00e9rences faites \u00e0&nbsp; <strong>Jensen\u2122<\/strong> le sont \u00e0 titre d\u2019information uniquement.&nbsp;<\/p>\n\n\n\n<p>Les r\u00e9f\u00e9rences faites \u00e0 <strong>Hesu<\/strong>\u00ae le sont \u00e0 titre d&rsquo;information uniquement.<\/p>\n\n\n\n<p>Les r\u00e9f\u00e9rences faites \u00e0&nbsp; <strong>Shure\u2122 <\/strong>le sont \u00e0 titre d\u2019information uniquement.&nbsp;<\/p>\n\n\n\n<p>Les r\u00e9f\u00e9rences faites \u00e0&nbsp; <strong>Sennheiser\u2122 <\/strong>le sont \u00e0 titre d\u2019information uniquement.&nbsp;<\/p>\n\n\n\n<p>Les r\u00e9f\u00e9rences faites \u00e0&nbsp; <strong>Heil Sound\u2122 <\/strong>le sont \u00e0 titre d\u2019information uniquement.&nbsp;<\/p>\n\n\n\n<p>Les r\u00e9f\u00e9rences faites \u00e0&nbsp; <strong>Audio Technica\u2122 <\/strong>le sont \u00e0 titre d\u2019information uniquement.&nbsp;<\/p>\n\n\n\n<p>Les r\u00e9f\u00e9rences faites \u00e0&nbsp; <strong>Rode\u2122 <\/strong>le sont \u00e0 titre d\u2019information uniquement.&nbsp;<\/p>\n\n\n\n<p>Les r\u00e9f\u00e9rences faites \u00e0&nbsp; <strong>Audix\u2122 <\/strong>le sont \u00e0 titre d\u2019information uniquement.&nbsp;<\/p>\n\n\n\n<p>Les r\u00e9f\u00e9rences faites \u00e0&nbsp; <strong>Superlux\u2122 <\/strong>le sont \u00e0 titre d\u2019information uniquement.&nbsp;<\/p>\n\n\n\n<p>Les r\u00e9f\u00e9rences faites \u00e0\u00a0 <strong>Beyer Dynamic\u2122 <\/strong>le sont \u00e0 titre d\u2019information uniquement.<\/p>\n\n\n\n<p>Les r\u00e9f\u00e9rences faites \u00e0\u00a0 <strong>Fryette\u2122 <\/strong>le sont \u00e0 titre d\u2019information uniquement.\u00a0<\/p>\n\n\n\n<p>Les r\u00e9f\u00e9rences faites \u00e0\u00a0 <strong>Eminence\u2122 <\/strong>le sont \u00e0 titre d\u2019information uniquement.<\/p>\n\n\n\n<h2 class=\"wp-block-heading\">R\u00e9actions , commentaires<\/h2>\n\n\n\n<p><a href=\"http:\/\/Overdriven.fr\"><strong>Overdriven.fr<\/strong><\/a>&nbsp;offre \u00e0 ses utilisateurs la possibilit\u00e9 de s\u2019exprimer (commentaires) et de donner leurs opinions. <a href=\"http:\/\/Overdriven.fr\">Overdriven.fr<\/a>&nbsp;se r\u00e9serve le droit de supprimer ou de ne pas publier tout commentaire diffamatoire, mena\u00e7ant ou violant les droits d\u2019autrui (vie priv\u00e9e, insulte, incitation \u00e0 la haine, dignit\u00e9 humaine\u2026). Si un commentaire de ce type se retrouve publi\u00e9 (inattention ou d\u00e9faillance du syst\u00e8me de mod\u00e9ration), les auteurs de ces commentaires restent responsables de leurs propos et devront assumer toute charge et cons\u00e9quence en d\u00e9coulant.<\/p>\n\n\n\n<h2 class=\"wp-block-heading\">Partenariats, affiliation<\/h2>\n\n\n\n<p><a href=\"http:\/\/Overdriven.fr\">Overdriven.fr<\/a> mentionne les articles, contenus ou liens faisant l\u2019objet d\u2019un partenariat ou d\u2019une affiliation. L\u2019utilisateur du site n\u2019est pas tenu d\u2019utiliser ces liens ou de lire ces contenus.<\/p>\n\n\n\n<h2 class=\"wp-block-heading\">Statistiques<\/h2>\n\n\n\n<p><a href=\"http:\/\/Overdriven.fr\">Overdriven.fr<\/a> utilise des statistiques pour mesurer l\u2019utilisation du site (pages et articles consult\u00e9s) et permettant de connaitre la provenance des acc\u00e8s (adresses IP, pays d\u2019origine, navigateur utilis\u00e9). <a href=\"http:\/\/Overdriven.fr\">Overdriven.fr<\/a> ne collecte pas d\u2019informations personnelles. &nbsp;<\/p>\n\n\n\n<h2 class=\"wp-block-heading\">Juridiction &#8211; dommages<\/h2>\n\n\n\n<p>Ce blog est con\u00e7u en France et bien que disponible \u00e0 la lecture dans le monde entier, les pr\u00e9sentes mentions l\u00e9gales sont soumises au droit Fran\u00e7ais et seuls les tribunaux de ce pays seront comp\u00e9tents en cas de litige.<\/p>\n\n\n\n<p>Sous r\u00e9serve des dispositions l\u00e9gales ou r\u00e9glementaires applicables, <a href=\"http:\/\/overdriven.fr\">overdriven.fr<\/a> ne saurait \u00eatre tenu pour responsable de tout dommage direct ou indirect notamment mais non limitativement pertes de profits, de client\u00e8les, de donn\u00e9es, de biens incorporels pouvant intervenir du fait de l&rsquo;utilisation ou de l&rsquo;impossibilit\u00e9 d&rsquo;utilisation du site, des informations et fichiers pr\u00e9sent\u00e9es et plus g\u00e9n\u00e9ralement de tout \u00e9v\u00e9nement ayant un lien avec le site et\/ou tout site tiers.<\/p>\n\n\n\n<p>En particulier, la responsabilit\u00e9 de <a href=\"http:\/\/overdriven.fr\">overdriven.fr<\/a> ne saurait \u00eatre engag\u00e9e en cas de piratage total ou partiel du site et des dommages que ce piratage pourrait entra\u00eener \u00e0 l&rsquo;\u00e9gard de tout tiers.<\/p>\n\n\n\n<h2 class=\"wp-block-heading\">Google Recaptcha&nbsp;<\/h2>\n\n\n\n<p>reCAPTCHA version&nbsp;3 est int\u00e9gr\u00e9 \u00e0 <a href=\"http:\/\/overdriven.fr\">overdriven.fr<\/a>, l&rsquo;utilisation de cette fonctionnalit\u00e9 est soumise aux <a href=\"https:\/\/www.google.com\/policies\/privacy\/\">R\u00e8gles de confidentialit\u00e9<\/a> et aux <a href=\"https:\/\/www.google.com\/policies\/terms\/\">Conditions d&rsquo;utilisation<\/a> de Google<\/p>\n\n\n\n<h2 class=\"wp-block-heading\">Formulaire de contact<\/h2>\n\n\n\n<p>Pour tout probl\u00e8me, litige ou demande d\u2019information, vous pouvez nous contacter \u00e0 travers le formulaire \u00ab\u00a0contactez-nous\u00a0\u00bb.<\/p>\n\n\n\n<h2 class=\"wp-block-heading\">Historique des modifications<\/h2>\n\n\n\n<ul class=\"wp-block-list\">\n<li>5 Janvier 2022 : mises \u00e0 jour des conditions et mentions l\u00e9gales<\/li>\n<\/ul>\n","protected":false},"excerpt":{"rendered":"<p>Salut, je suis David : bienvenue sur mon blog ! On y traite de musique metal, d&rsquo;apprentissage de la guitare, de techniques d&rsquo;enregistrement et de mat\u00e9riel. J&rsquo;ai commenc\u00e9 \u00e0 apprendre la guitare il y a 4 ans, en autodidacte, pour&#8230; <a class=\"more-link\" href=\"https:\/\/overdriven.fr\/overdriven\/index.php\/fr\/a-propos\/\">Continue Reading &rarr;<\/a><\/p>\n","protected":false},"author":1,"featured_media":0,"parent":0,"menu_order":0,"comment_status":"closed","ping_status":"closed","template":"","meta":{"footnotes":""},"class_list":["post-165","page","type-page","status-publish","hentry"],"yoast_head":"<!-- This site is optimized with the Yoast SEO plugin v27.3 - https:\/\/yoast.com\/product\/yoast-seo-wordpress\/ -->\n<title>A propos - Overdriven.fr<\/title>\n<meta name=\"robots\" content=\"index, follow, max-snippet:-1, max-image-preview:large, max-video-preview:-1\" \/>\n<link rel=\"canonical\" href=\"https:\/\/overdriven.fr\/overdriven\/index.php\/fr\/a-propos\/\" \/>\n<meta property=\"og:locale\" content=\"fr_FR\" \/>\n<meta property=\"og:type\" content=\"article\" \/>\n<meta property=\"og:title\" content=\"A propos - Overdriven.fr\" \/>\n<meta property=\"og:description\" content=\"Salut, je suis David : bienvenue sur mon blog ! On y traite de musique metal, d&rsquo;apprentissage de la guitare, de techniques d&rsquo;enregistrement et de mat\u00e9riel. J&rsquo;ai commenc\u00e9 \u00e0 apprendre la guitare il y a 4 ans, en autodidacte, pour... Continue Reading &rarr;\" \/>\n<meta property=\"og:url\" content=\"https:\/\/overdriven.fr\/overdriven\/index.php\/fr\/a-propos\/\" \/>\n<meta property=\"og:site_name\" content=\"Overdriven.fr\" \/>\n<meta property=\"article:modified_time\" content=\"2026-01-05T15:09:32+00:00\" \/>\n<meta name=\"twitter:card\" content=\"summary_large_image\" \/>\n<meta name=\"twitter:label1\" content=\"Dur\u00e9e de lecture estim\u00e9e\" \/>\n\t<meta name=\"twitter:data1\" content=\"8 minutes\" \/>\n<script type=\"application\/ld+json\" class=\"yoast-schema-graph\">{\"@context\":\"https:\\\/\\\/schema.org\",\"@graph\":[{\"@type\":\"WebPage\",\"@id\":\"https:\\\/\\\/overdriven.fr\\\/overdriven\\\/index.php\\\/fr\\\/a-propos\\\/\",\"url\":\"https:\\\/\\\/overdriven.fr\\\/overdriven\\\/index.php\\\/fr\\\/a-propos\\\/\",\"name\":\"A propos - Overdriven.fr\",\"isPartOf\":{\"@id\":\"https:\\\/\\\/overdriven.fr\\\/overdriven\\\/#website\"},\"datePublished\":\"2019-02-28T17:56:53+00:00\",\"dateModified\":\"2026-01-05T15:09:32+00:00\",\"breadcrumb\":{\"@id\":\"https:\\\/\\\/overdriven.fr\\\/overdriven\\\/index.php\\\/fr\\\/a-propos\\\/#breadcrumb\"},\"inLanguage\":\"fr-FR\",\"potentialAction\":[{\"@type\":\"ReadAction\",\"target\":[\"https:\\\/\\\/overdriven.fr\\\/overdriven\\\/index.php\\\/fr\\\/a-propos\\\/\"]}]},{\"@type\":\"BreadcrumbList\",\"@id\":\"https:\\\/\\\/overdriven.fr\\\/overdriven\\\/index.php\\\/fr\\\/a-propos\\\/#breadcrumb\",\"itemListElement\":[{\"@type\":\"ListItem\",\"position\":1,\"name\":\"Accueil\",\"item\":\"https:\\\/\\\/overdriven.fr\\\/overdriven\\\/\"},{\"@type\":\"ListItem\",\"position\":2,\"name\":\"A propos\"}]},{\"@type\":\"WebSite\",\"@id\":\"https:\\\/\\\/overdriven.fr\\\/overdriven\\\/#website\",\"url\":\"https:\\\/\\\/overdriven.fr\\\/overdriven\\\/\",\"name\":\"Overdriven.fr\",\"description\":\"High-gain amps and guitar gear\",\"potentialAction\":[{\"@type\":\"SearchAction\",\"target\":{\"@type\":\"EntryPoint\",\"urlTemplate\":\"https:\\\/\\\/overdriven.fr\\\/overdriven\\\/?s={search_term_string}\"},\"query-input\":{\"@type\":\"PropertyValueSpecification\",\"valueRequired\":true,\"valueName\":\"search_term_string\"}}],\"inLanguage\":\"fr-FR\"}]}<\/script>\n<!-- \/ Yoast SEO plugin. -->","yoast_head_json":{"title":"A propos - Overdriven.fr","robots":{"index":"index","follow":"follow","max-snippet":"max-snippet:-1","max-image-preview":"max-image-preview:large","max-video-preview":"max-video-preview:-1"},"canonical":"https:\/\/overdriven.fr\/overdriven\/index.php\/fr\/a-propos\/","og_locale":"fr_FR","og_type":"article","og_title":"A propos - Overdriven.fr","og_description":"Salut, je suis David : bienvenue sur mon blog ! On y traite de musique metal, d&rsquo;apprentissage de la guitare, de techniques d&rsquo;enregistrement et de mat\u00e9riel. J&rsquo;ai commenc\u00e9 \u00e0 apprendre la guitare il y a 4 ans, en autodidacte, pour... Continue Reading &rarr;","og_url":"https:\/\/overdriven.fr\/overdriven\/index.php\/fr\/a-propos\/","og_site_name":"Overdriven.fr","article_modified_time":"2026-01-05T15:09:32+00:00","twitter_card":"summary_large_image","twitter_misc":{"Dur\u00e9e de lecture estim\u00e9e":"8 minutes"},"schema":{"@context":"https:\/\/schema.org","@graph":[{"@type":"WebPage","@id":"https:\/\/overdriven.fr\/overdriven\/index.php\/fr\/a-propos\/","url":"https:\/\/overdriven.fr\/overdriven\/index.php\/fr\/a-propos\/","name":"A propos - Overdriven.fr","isPartOf":{"@id":"https:\/\/overdriven.fr\/overdriven\/#website"},"datePublished":"2019-02-28T17:56:53+00:00","dateModified":"2026-01-05T15:09:32+00:00","breadcrumb":{"@id":"https:\/\/overdriven.fr\/overdriven\/index.php\/fr\/a-propos\/#breadcrumb"},"inLanguage":"fr-FR","potentialAction":[{"@type":"ReadAction","target":["https:\/\/overdriven.fr\/overdriven\/index.php\/fr\/a-propos\/"]}]},{"@type":"BreadcrumbList","@id":"https:\/\/overdriven.fr\/overdriven\/index.php\/fr\/a-propos\/#breadcrumb","itemListElement":[{"@type":"ListItem","position":1,"name":"Accueil","item":"https:\/\/overdriven.fr\/overdriven\/"},{"@type":"ListItem","position":2,"name":"A propos"}]},{"@type":"WebSite","@id":"https:\/\/overdriven.fr\/overdriven\/#website","url":"https:\/\/overdriven.fr\/overdriven\/","name":"Overdriven.fr","description":"High-gain amps and guitar gear","potentialAction":[{"@type":"SearchAction","target":{"@type":"EntryPoint","urlTemplate":"https:\/\/overdriven.fr\/overdriven\/?s={search_term_string}"},"query-input":{"@type":"PropertyValueSpecification","valueRequired":true,"valueName":"search_term_string"}}],"inLanguage":"fr-FR"}]}},"_links":{"self":[{"href":"https:\/\/overdriven.fr\/overdriven\/index.php\/wp-json\/wp\/v2\/pages\/165","targetHints":{"allow":["GET"]}}],"collection":[{"href":"https:\/\/overdriven.fr\/overdriven\/index.php\/wp-json\/wp\/v2\/pages"}],"about":[{"href":"https:\/\/overdriven.fr\/overdriven\/index.php\/wp-json\/wp\/v2\/types\/page"}],"author":[{"embeddable":true,"href":"https:\/\/overdriven.fr\/overdriven\/index.php\/wp-json\/wp\/v2\/users\/1"}],"replies":[{"embeddable":true,"href":"https:\/\/overdriven.fr\/overdriven\/index.php\/wp-json\/wp\/v2\/comments?post=165"}],"version-history":[{"count":17,"href":"https:\/\/overdriven.fr\/overdriven\/index.php\/wp-json\/wp\/v2\/pages\/165\/revisions"}],"predecessor-version":[{"id":6218,"href":"https:\/\/overdriven.fr\/overdriven\/index.php\/wp-json\/wp\/v2\/pages\/165\/revisions\/6218"}],"wp:attachment":[{"href":"https:\/\/overdriven.fr\/overdriven\/index.php\/wp-json\/wp\/v2\/media?parent=165"}],"curies":[{"name":"wp","href":"https:\/\/api.w.org\/{rel}","templated":true}]}}